{"id":3747,"date":"2022-12-19T13:17:34","date_gmt":"2022-12-19T13:17:34","guid":{"rendered":"https:\/\/inspiring-heyrovsky.83-169-39-68.plesk.page\/?page_id=3747"},"modified":"2022-12-19T14:12:30","modified_gmt":"2022-12-19T14:12:30","slug":"spesielle-pizza","status":"publish","type":"page","link":"https:\/\/inspiring-heyrovsky.83-169-39-68.plesk.page\/?page_id=3747","title":{"rendered":"Spesielle Pizza"},"content":{"rendered":"\t\t<div data-elementor-type=\"wp-page\" data-elementor-id=\"3747\" class=\"elementor elementor-3747\">\n\t\t\t\t\t\t\t\t\t<section class=\"elementor-section elementor-top-section elementor-element elementor-element-9a6e5e1 elementor-section-boxed elementor-section-height-default elementor-section-height-default\" data-id=\"9a6e5e1\" data-element_type=\"section\">\n\t\t\t\t\t\t<div class=\"elementor-container elementor-column-gap-default\">\n\t\t\t\t\t<div class=\"elementor-column elementor-col-100 elementor-top-column elementor-element elementor-element-2a5eef4\" data-id=\"2a5eef4\" data-element_type=\"column\">\n\t\t\t<div class=\"elementor-widget-wrap elementor-element-populated\">\n\t\t\t\t\t\t\t\t<div class=\"elementor-element elementor-element-e0e3287 elementor-widget elementor-widget-image\" data-id=\"e0e3287\" data-element_type=\"widget\" data-widget_type=\"image.default\">\n\t\t\t\t<div class=\"elementor-widget-container\">\n\t\t\t<style>\/*! elementor - v3.12.1 - 02-04-2023 *\/\n.elementor-widget-image{text-align:center}.elementor-widget-image a{display:inline-block}.elementor-widget-image a img[src$=\".svg\"]{width:48px}.elementor-widget-image img{vertical-align:middle;display:inline-block}<\/style>\t\t\t\t\t\t\t\t\t\t\t\t<img loading=\"lazy\" decoding=\"async\" width=\"980\" height=\"274\" src=\"https:\/\/inspiring-heyrovsky.83-169-39-68.plesk.page\/wp-content\/uploads\/2020\/09\/bg3-h3-3-1024x286.jpg\" class=\"attachment-large size-large wp-image-3113\" alt=\"\" srcset=\"https:\/\/inspiring-heyrovsky.83-169-39-68.plesk.page\/wp-content\/uploads\/2020\/09\/bg3-h3-3-1024x286.jpg 1024w, https:\/\/inspiring-heyrovsky.83-169-39-68.plesk.page\/wp-content\/uploads\/2020\/09\/bg3-h3-3-300x84.jpg 300w, https:\/\/inspiring-heyrovsky.83-169-39-68.plesk.page\/wp-content\/uploads\/2020\/09\/bg3-h3-3-768x215.jpg 768w, https:\/\/inspiring-heyrovsky.83-169-39-68.plesk.page\/wp-content\/uploads\/2020\/09\/bg3-h3-3-1536x429.jpg 1536w, https:\/\/inspiring-heyrovsky.83-169-39-68.plesk.page\/wp-content\/uploads\/2020\/09\/bg3-h3-3-800x224.jpg 800w, https:\/\/inspiring-heyrovsky.83-169-39-68.plesk.page\/wp-content\/uploads\/2020\/09\/bg3-h3-3.jpg 1936w\" sizes=\"auto, (max-width: 980px) 100vw, 980px\" \/>\t\t\t\t\t\t\t\t\t\t\t\t\t\t\t<\/div>\n\t\t\t\t<\/div>\n\t\t\t\t<div class=\"elementor-element elementor-element-1f35971 elementor-widget elementor-widget-heading\" data-id=\"1f35971\" data-element_type=\"widget\" data-widget_type=\"heading.default\">\n\t\t\t\t<div class=\"elementor-widget-container\">\n\t\t\t<style>\/*! elementor - v3.12.1 - 02-04-2023 *\/\n.elementor-heading-title{padding:0;margin:0;line-height:1}.elementor-widget-heading .elementor-heading-title[class*=elementor-size-]>a{color:inherit;font-size:inherit;line-height:inherit}.elementor-widget-heading .elementor-heading-title.elementor-size-small{font-size:15px}.elementor-widget-heading .elementor-heading-title.elementor-size-medium{font-size:19px}.elementor-widget-heading .elementor-heading-title.elementor-size-large{font-size:29px}.elementor-widget-heading .elementor-heading-title.elementor-size-xl{font-size:39px}.elementor-widget-heading .elementor-heading-title.elementor-size-xxl{font-size:59px}<\/style><h2 class=\"elementor-heading-title elementor-size-default\">Namnam Speisielle\u200b<\/h2>\t\t<\/div>\n\t\t\t\t<\/div>\n\t\t\t\t\t<\/div>\n\t\t<\/div>\n\t\t\t\t\t\t\t<\/div>\n\t\t<\/section>\n\t\t\t\t<section class=\"elementor-section elementor-top-section elementor-element elementor-element-8484134 elementor-section-boxed elementor-section-height-default elementor-section-height-default\" data-id=\"8484134\" data-element_type=\"section\">\n\t\t\t\t\t\t<div class=\"elementor-container elementor-column-gap-default\">\n\t\t\t\t\t<div class=\"elementor-column elementor-col-100 elementor-top-column elementor-element elementor-element-dc72442\" data-id=\"dc72442\" data-element_type=\"column\">\n\t\t\t<div class=\"elementor-widget-wrap elementor-element-populated\">\n\t\t\t\t\t\t\t\t<div class=\"elementor-element elementor-element-d96802a elementor-widget elementor-widget-text-editor\" data-id=\"d96802a\" data-element_type=\"widget\" data-widget_type=\"text-editor.default\">\n\t\t\t\t<div class=\"elementor-widget-container\">\n\t\t\t<style>\/*! elementor - v3.12.1 - 02-04-2023 *\/\n.elementor-widget-text-editor.elementor-drop-cap-view-stacked .elementor-drop-cap{background-color:#69727d;color:#fff}.elementor-widget-text-editor.elementor-drop-cap-view-framed .elementor-drop-cap{color:#69727d;border:3px solid;background-color:transparent}.elementor-widget-text-editor:not(.elementor-drop-cap-view-default) .elementor-drop-cap{margin-top:8px}.elementor-widget-text-editor:not(.elementor-drop-cap-view-default) .elementor-drop-cap-letter{width:1em;height:1em}.elementor-widget-text-editor .elementor-drop-cap{float:left;text-align:center;line-height:1;font-size:50px}.elementor-widget-text-editor .elementor-drop-cap-letter{display:inline-block}<\/style>\t\t\t\t<div\n\tid=\"wcpt-3746\"\n\tclass=\"wcpt wcpt-3746\"\n\tdata-wcpt-table-id=\"3746\"\ndata-wcpt-query-string=\"?3746_device=laptop\"\ndata-wcpt-sc-attrs=\"{&quot;laptop_auto_scroll&quot;:&quot;true&quot;,&quot;tablet_auto_scroll&quot;:&quot;true&quot;,&quot;phone_auto_scroll&quot;:&quot;true&quot;}\"\n>\n<style>@media (max-width:749px) {\n#wcpt-3746 .wcpt-device-phone {\ndisplay: block;\n}\n\n#wcpt-3746 .wcpt-device-tablet,\n#wcpt-3746 .wcpt-device-laptop {\ndisplay: none;\n}\n}\n@media(min-width:750px){}@media(max-width: 1199px) and (min-width:750px){}@media(max-width:749px){ #wcpt-3746 .wcpt-cell{padding-top:20px;padding-bottom:20px;}} #wcpt-3746 .wcpt-header.wcpt-navigation{margin-bottom:15px;} @media(max-width:749px){}.wcpt-cart-widget {\nvisibility: hidden;\n}\nbody table.wcpt-table .wcpt-title{\ncolor:black;\nfont-weight: bold;\n}\n\n<\/style>  <div \r\n    class=\"wcpt-navigation wcpt-header wcpt-always-show\"\r\n    style=\"\"\r\n  >\r\n      <div class=\"wcpt-filter-row wcpt-ratio-50-50 \">\r\n      <div class=\"wcpt-filter-column wcpt-left\"><div class=\"wcpt-item-row wcpt-1671525123 \"><div class=\"wcpt-result-count  wcpt-1671525124 wcpt-single-page\">\n  <span class=\"wcpt-result-message\">Showing 1 \u2013 6 of 6 results<\/span>\n  <span class=\"wcpt-single-page-message\">Showing all 6 results<\/span>\n  <span class=\"wcpt-single-result-message\">Showing the single result<\/span>\n  <span class=\"wcpt-no-results-message\">No results found<\/span>\n<\/div>\n<\/div><\/div><div class=\"wcpt-filter-column wcpt-right\"><div class=\"wcpt-item-row wcpt-1671525125 \"><div \n  class=\"wcpt-dropdown wcpt-filter  wcpt-1671525126 wcpt-no-heading wcpt-filter-open\" \n  data-wcpt-filter=\"sort_by\"\n\tdata-wcpt-heading_format__op_selected = \"only_selected\"\t  \n>\n\n  \n\t<div class=\"wcpt-filter-heading\">\n\t\t<!-- label -->\n  \t<span class=\"wcpt-dropdown-label\">\n      <span>\n        Sort by       <\/span>\n    <\/span>\n    <!-- icon -->\n    <span class=\"wcpt-icon wcpt-icon-chevron-down  \"   ><svg xmlns=\"http:\/\/www.w3.org\/2000\/svg\" width=\"24\" height=\"24\" viewBox=\"0 0 24 24\" fill=\"none\" stroke=\"currentColor\" stroke-width=\"2\" stroke-linecap=\"round\" stroke-linejoin=\"round\" class=\"feather feather-chevron-down\"><polyline points=\"6 9 12 15 18 9\"><\/polyline><\/svg><\/span>          \n\t<\/div>\n\n  \n  <!-- options menu -->\n  <div class=\"wcpt-dropdown-menu\">\n          <label class=\"wcpt-dropdown-option\">\n        <input type=\"radio\" name=\"3746_orderby\"  value=\"option_0\" class=\"wcpt-filter-radio\"><span>Sort by Popularity<\/span>\n      <\/label>\n            <label class=\"wcpt-dropdown-option\">\n        <input type=\"radio\" name=\"3746_orderby\"  value=\"option_1\" class=\"wcpt-filter-radio\"><span>Sort by Rating<\/span>\n      <\/label>\n            <label class=\"wcpt-dropdown-option\">\n        <input type=\"radio\" name=\"3746_orderby\"  value=\"option_2\" class=\"wcpt-filter-radio\"><span>Sort by Price low to high<\/span>\n      <\/label>\n            <label class=\"wcpt-dropdown-option\">\n        <input type=\"radio\" name=\"3746_orderby\"  value=\"option_3\" class=\"wcpt-filter-radio\"><span>Sort by Price high to low<\/span>\n      <\/label>\n            <label class=\"wcpt-dropdown-option\">\n        <input type=\"radio\" name=\"3746_orderby\"  value=\"option_4\" class=\"wcpt-filter-radio\"><span>Sort by Newness<\/span>\n      <\/label>\n            <label class=\"wcpt-dropdown-option\">\n        <input type=\"radio\" name=\"3746_orderby\"  value=\"option_5\" class=\"wcpt-filter-radio\"><span>Sort by Name A &#8211; Z<\/span>\n      <\/label>\n            <label class=\"wcpt-dropdown-option\">\n        <input type=\"radio\" name=\"3746_orderby\"  value=\"option_6\" class=\"wcpt-filter-radio\"><span>Sort by Name Z &#8211; A<\/span>\n      <\/label>\n            <label class=\"wcpt-dropdown-option wcpt-active \">\n        <input type=\"radio\" name=\"3746_orderby\"  checked=\"checked\"  value=\"option_7\" class=\"wcpt-filter-radio\"><span>Sort by <\/span>\n      <\/label>\n        <\/div>\n\n  \n<\/div>\n<\/div><\/div>    <\/div>\r\n    <\/div>  <div class=\"wcpt-responsive-navigation\"><\/div>\r\n  <div class=\"wcpt-nav-modal-tpl\">\n  <div class=\"wcpt-nav-modal\" data-wcpt-table-id=\"3746\">\n    <div class=\"wcpt-nm-content wcpt-noselect\">\n      <div class=\"wcpt-nm-heading wcpt-nm-heading--sticky\">\n\t\t\t\t<span class=\"wcpt-nm-close\">\n\t\t\t\t\t<span class=\"wcpt-icon wcpt-icon-x  \"   ><svg xmlns=\"http:\/\/www.w3.org\/2000\/svg\" width=\"24\" height=\"24\" viewBox=\"0 0 24 24\" fill=\"none\" stroke=\"currentColor\" stroke-width=\"2\" stroke-linecap=\"round\" stroke-linejoin=\"round\" class=\"feather feather-x\"><line x1=\"18\" y1=\"6\" x2=\"6\" y2=\"18\"><\/line><line x1=\"6\" y1=\"6\" x2=\"18\" y2=\"18\"><\/line><\/svg><\/span>\t\t\t\t\t<\/svg>\n\t\t\t\t<\/span>\n        <span class=\"wcpt-nm-heading-text wcpt-on-filters-show\">\n          Filters        <\/span>\n        <span class=\"wcpt-nm-heading-text wcpt-on-sort-show\">\n          Sort results        <\/span>\n\t\t\t\t<div class=\"wcpt-nm-action\">\n\t\t\t\t\t<span class=\"wcpt-nm-reset\">\n\t\t\t\t\t\tReset\t\t\t\t\t<\/span>\n\t        <span class=\"wcpt-nm-apply\">\n\t\t\t\t\t\tApply\t\t\t\t\t<\/span>\n\t\t\t\t<\/div>\n      <\/div>\n      <div class=\"wcpt-navigation wcpt-left-sidebar\">\n        <div class=\"wcpt-nm-filters\">\n          <span class=\"wcpt-nm-filters-placeholder\"><\/span>\n        <\/div>\n        <div class=\"wcpt-nm-sort\">\n          <span class=\"wcpt-nm-sort-placeholder\"><\/span>\n        <\/div>\n      <\/div>\n    <\/div>\n  <\/div>\n<\/div>\n<div class=\"wcpt-table-scroll-wrapper-outer wcpt-device-laptop\">\n<div class=\"wcpt-table-scroll-wrapper\">\n<table class=\"wcpt-table wcpt-table-3746\">\n<thead>\n\t\t<tr \n\t\tclass=\"wcpt-heading-row \"\n\t><th class=\"wcpt-heading wcpt-1671525041\" data-wcpt-column-index=\"0\"><div class=\"wcpt-item-row wcpt-1671525039 \"><span class=\"wcpt-text  wcpt-1671525040\">Name<\/span><\/div><\/th><th class=\"wcpt-heading wcpt-1671525047\" data-wcpt-column-index=\"1\"><div class=\"wcpt-item-row wcpt-1671525045 \"><span class=\"wcpt-text  wcpt-1671525046\">Description<\/span><\/div><\/th><th class=\"wcpt-heading wcpt-1671525058\" data-wcpt-column-index=\"2\"><div class=\"wcpt-item-row wcpt-1671525056 \"><span class=\"wcpt-text  wcpt-1671525057\">Price<\/span><\/div><\/th><\/tr>\n<\/thead>\n<tr   \n\t \n\t data-wcpt-product-id=\"3737\"  \n\tdata-wcpt-type    =\"simple\" \n\tdata-wcpt-in-cart =\"0\" \n\tdata-wcpt-stock   =\"\"\n\tdata-wcpt-type    =\"simple\" \n\tdata-wcpt-in-cart =\"0\" \n\tdata-wcpt-stock   =\"\"\n\tdata-wcpt-price   =\"329\"  class=\" wcpt-row  wcpt-odd  wcpt-product-type-simple \"><td \n  class=\"wcpt-cell wcpt-1671525044\"\n  data-wcpt-column-index=\"0\"\n><div class=\"wcpt-cell-val\"><div class=\"wcpt-item-row wcpt-1671525042 \"><a href='https:\/\/inspiring-heyrovsky.83-169-39-68.plesk.page\/?product=30-il-taco-grande'  title='30. Il taco grande'  class='wcpt-title  wcpt-1671525043' >30. Il taco grande<\/a><\/div><\/div>\n<\/td>\n<td \n  class=\"wcpt-cell wcpt-1671525055\"\n  data-wcpt-column-index=\"1\"\n><div class=\"wcpt-cell-val\"><div class=\"wcpt-item-row wcpt-1671525048 \"><div class=\"wcpt-excerpt  wcpt-content--max-width  wcpt-1671525054\">Chillisaus, tacosaus,tortilla chips, pepperoni, kj\u00f8ttboller, kebabkj\u00f8tt, mais, l\u00f8k, jalapenos\u2026 <\/div><\/div><\/div>\n<\/td>\n<td \n  class=\"wcpt-cell wcpt-1671525070\"\n  data-wcpt-column-index=\"2\"\n><div class=\"wcpt-cell-val\"><div class=\"wcpt-item-row wcpt-1671525059 \"><span\n\tclass=\"wcpt-price  wcpt-1671525069  \"\n\t>\n\t<div class=\"wcpt-item-row wcpt-1671525064 \"><span class=\"wcpt-regular-price  wcpt-1671525063\"><span class=\"wcpt-currency\">&#107;&#114;<\/span>&nbsp;<span class=\"wcpt-amount\">329<\/span><\/span>\n<\/div><\/span>\n<\/div><\/div>\n<\/td>\n<\/tr>\n<tr   \n\t \n\t data-wcpt-product-id=\"3738\"  \n\tdata-wcpt-type    =\"simple\" \n\tdata-wcpt-in-cart =\"0\" \n\tdata-wcpt-stock   =\"\"\n\tdata-wcpt-type    =\"simple\" \n\tdata-wcpt-in-cart =\"0\" \n\tdata-wcpt-stock   =\"\"\n\tdata-wcpt-price   =\"329\"  class=\" wcpt-row  wcpt-even  wcpt-product-type-simple \"><td \n  class=\"wcpt-cell wcpt-1671525044\"\n  data-wcpt-column-index=\"0\"\n><div class=\"wcpt-cell-val\"><div class=\"wcpt-item-row wcpt-1671525042 \"><a href='https:\/\/inspiring-heyrovsky.83-169-39-68.plesk.page\/?product=31-kokkens'  title='31. Kokken&#8217;s'  class='wcpt-title  wcpt-1671525043' >31. Kokken&#8217;s<\/a><\/div><\/div>\n<\/td>\n<td \n  class=\"wcpt-cell wcpt-1671525055\"\n  data-wcpt-column-index=\"1\"\n><div class=\"wcpt-cell-val\"><div class=\"wcpt-item-row wcpt-1671525048 \"><div class=\"wcpt-excerpt  wcpt-content--max-width  wcpt-1671525054\">Skinke, biff, pepperoni,kj\u00f8ttboller, bacon, ananas, l\u00f8k, paprika <\/div><\/div><\/div>\n<\/td>\n<td \n  class=\"wcpt-cell wcpt-1671525070\"\n  data-wcpt-column-index=\"2\"\n><div class=\"wcpt-cell-val\"><div class=\"wcpt-item-row wcpt-1671525059 \"><span\n\tclass=\"wcpt-price  wcpt-1671525069  \"\n\t>\n\t<div class=\"wcpt-item-row wcpt-1671525064 \"><span class=\"wcpt-regular-price  wcpt-1671525063\"><span class=\"wcpt-currency\">&#107;&#114;<\/span>&nbsp;<span class=\"wcpt-amount\">329<\/span><\/span>\n<\/div><\/span>\n<\/div><\/div>\n<\/td>\n<\/tr>\n<tr   \n\t \n\t data-wcpt-product-id=\"3739\"  \n\tdata-wcpt-type    =\"simple\" \n\tdata-wcpt-in-cart =\"0\" \n\tdata-wcpt-stock   =\"\"\n\tdata-wcpt-type    =\"simple\" \n\tdata-wcpt-in-cart =\"0\" \n\tdata-wcpt-stock   =\"\"\n\tdata-wcpt-price   =\"249\"  class=\" wcpt-row  wcpt-odd  wcpt-product-type-simple \"><td \n  class=\"wcpt-cell wcpt-1671525044\"\n  data-wcpt-column-index=\"0\"\n><div class=\"wcpt-cell-val\"><div class=\"wcpt-item-row wcpt-1671525042 \"><a href='https:\/\/inspiring-heyrovsky.83-169-39-68.plesk.page\/?product=35-kebab-special'  title='35. Kebab special'  class='wcpt-title  wcpt-1671525043' >35. Kebab special<\/a><\/div><\/div>\n<\/td>\n<td \n  class=\"wcpt-cell wcpt-1671525055\"\n  data-wcpt-column-index=\"1\"\n><div class=\"wcpt-cell-val\"><div class=\"wcpt-item-row wcpt-1671525048 \"><div class=\"wcpt-excerpt  wcpt-content--max-width  wcpt-1671525054\">P\u00e5 italiensk bunn,med kebabkj\u00f8tt, mais, kebabdressing p\u00e5 toppen <\/div><\/div><\/div>\n<\/td>\n<td \n  class=\"wcpt-cell wcpt-1671525070\"\n  data-wcpt-column-index=\"2\"\n><div class=\"wcpt-cell-val\"><div class=\"wcpt-item-row wcpt-1671525059 \"><span\n\tclass=\"wcpt-price  wcpt-1671525069  \"\n\t>\n\t<div class=\"wcpt-item-row wcpt-1671525064 \"><span class=\"wcpt-regular-price  wcpt-1671525063\"><span class=\"wcpt-currency\">&#107;&#114;<\/span>&nbsp;<span class=\"wcpt-amount\">249<\/span><\/span>\n<\/div><\/span>\n<\/div><\/div>\n<\/td>\n<\/tr>\n<tr   \n\t \n\t data-wcpt-product-id=\"3740\"  \n\tdata-wcpt-type    =\"simple\" \n\tdata-wcpt-in-cart =\"0\" \n\tdata-wcpt-stock   =\"\"\n\tdata-wcpt-type    =\"simple\" \n\tdata-wcpt-in-cart =\"0\" \n\tdata-wcpt-stock   =\"\"\n\tdata-wcpt-price   =\"279\"  class=\" wcpt-row  wcpt-even  wcpt-product-type-simple \"><td \n  class=\"wcpt-cell wcpt-1671525044\"\n  data-wcpt-column-index=\"0\"\n><div class=\"wcpt-cell-val\"><div class=\"wcpt-item-row wcpt-1671525042 \"><a href='https:\/\/inspiring-heyrovsky.83-169-39-68.plesk.page\/?product=37-tandoori'  title='37. Tandoori'  class='wcpt-title  wcpt-1671525043' >37. Tandoori<\/a><\/div><\/div>\n<\/td>\n<td \n  class=\"wcpt-cell wcpt-1671525055\"\n  data-wcpt-column-index=\"1\"\n><div class=\"wcpt-cell-val\"><div class=\"wcpt-item-row wcpt-1671525048 \"><div class=\"wcpt-excerpt  wcpt-content--max-width  wcpt-1671525054\">Marinert kylling, marinert biff,l\u00f8k, paprika, tandoori krydder <\/div><\/div><\/div>\n<\/td>\n<td \n  class=\"wcpt-cell wcpt-1671525070\"\n  data-wcpt-column-index=\"2\"\n><div class=\"wcpt-cell-val\"><div class=\"wcpt-item-row wcpt-1671525059 \"><span\n\tclass=\"wcpt-price  wcpt-1671525069  \"\n\t>\n\t<div class=\"wcpt-item-row wcpt-1671525064 \"><span class=\"wcpt-regular-price  wcpt-1671525063\"><span class=\"wcpt-currency\">&#107;&#114;<\/span>&nbsp;<span class=\"wcpt-amount\">279<\/span><\/span>\n<\/div><\/span>\n<\/div><\/div>\n<\/td>\n<\/tr>\n<tr   \n\t \n\t data-wcpt-product-id=\"3741\"  \n\tdata-wcpt-type    =\"simple\" \n\tdata-wcpt-in-cart =\"0\" \n\tdata-wcpt-stock   =\"\"\n\tdata-wcpt-type    =\"simple\" \n\tdata-wcpt-in-cart =\"0\" \n\tdata-wcpt-stock   =\"\"\n\tdata-wcpt-price   =\"299\"  class=\" wcpt-row  wcpt-odd  wcpt-product-type-simple \"><td \n  class=\"wcpt-cell wcpt-1671525044\"\n  data-wcpt-column-index=\"0\"\n><div class=\"wcpt-cell-val\"><div class=\"wcpt-item-row wcpt-1671525042 \"><a href='https:\/\/inspiring-heyrovsky.83-169-39-68.plesk.page\/?product=39-helt-spesiell'  title='39. Helt spesiell'  class='wcpt-title  wcpt-1671525043' >39. Helt spesiell<\/a><\/div><\/div>\n<\/td>\n<td \n  class=\"wcpt-cell wcpt-1671525055\"\n  data-wcpt-column-index=\"1\"\n><div class=\"wcpt-cell-val\"><div class=\"wcpt-item-row wcpt-1671525048 \"><div class=\"wcpt-excerpt  wcpt-content--max-width  wcpt-1671525054\">Biff, l\u00f8k, kylling, pommes frites, paprika, bernaisesaus <\/div><\/div><\/div>\n<\/td>\n<td \n  class=\"wcpt-cell wcpt-1671525070\"\n  data-wcpt-column-index=\"2\"\n><div class=\"wcpt-cell-val\"><div class=\"wcpt-item-row wcpt-1671525059 \"><span\n\tclass=\"wcpt-price  wcpt-1671525069  \"\n\t>\n\t<div class=\"wcpt-item-row wcpt-1671525064 \"><span class=\"wcpt-regular-price  wcpt-1671525063\"><span class=\"wcpt-currency\">&#107;&#114;<\/span>&nbsp;<span class=\"wcpt-amount\">299<\/span><\/span>\n<\/div><\/span>\n<\/div><\/div>\n<\/td>\n<\/tr>\n<tr   \n\t \n\t data-wcpt-product-id=\"3742\"  \n\tdata-wcpt-type    =\"simple\" \n\tdata-wcpt-in-cart =\"0\" \n\tdata-wcpt-stock   =\"\"\n\tdata-wcpt-type    =\"simple\" \n\tdata-wcpt-in-cart =\"0\" \n\tdata-wcpt-stock   =\"\"\n\tdata-wcpt-price   =\"399\"  class=\" wcpt-row  wcpt-even  wcpt-product-type-simple \"><td \n  class=\"wcpt-cell wcpt-1671525044\"\n  data-wcpt-column-index=\"0\"\n><div class=\"wcpt-cell-val\"><div class=\"wcpt-item-row wcpt-1671525042 \"><a href='https:\/\/inspiring-heyrovsky.83-169-39-68.plesk.page\/?product=40-norwegian-style'  title='40. Norwegian style'  class='wcpt-title  wcpt-1671525043' >40. Norwegian style<\/a><\/div><\/div>\n<\/td>\n<td \n  class=\"wcpt-cell wcpt-1671525055\"\n  data-wcpt-column-index=\"1\"\n><div class=\"wcpt-cell-val\"><div class=\"wcpt-item-row wcpt-1671525048 \"><div class=\"wcpt-excerpt  wcpt-content--max-width  wcpt-1671525054\">Pepperoni, skinke, biff, kylling, kj\u00f8ttdeig, kj\u00f8ttboller, bacon, l\u00f8k, paprika, jalapenos\u2026 <\/div><\/div><\/div>\n<\/td>\n<td \n  class=\"wcpt-cell wcpt-1671525070\"\n  data-wcpt-column-index=\"2\"\n><div class=\"wcpt-cell-val\"><div class=\"wcpt-item-row wcpt-1671525059 \"><span\n\tclass=\"wcpt-price  wcpt-1671525069  \"\n\t>\n\t<div class=\"wcpt-item-row wcpt-1671525064 \"><span class=\"wcpt-regular-price  wcpt-1671525063\"><span class=\"wcpt-currency\">&#107;&#114;<\/span>&nbsp;<span class=\"wcpt-amount\">399<\/span><\/span>\n<\/div><\/span>\n<\/div><\/div>\n<\/td>\n<\/tr>\n<\/table>\n<\/div>\n<\/div>\n<div class=\"wcpt-pagination wcpt-device-laptop  wcpt-hide \">\n\t<\/div>\n<div class=\"wcpt-loading-screen\"><\/div>\n<div class=\"wcpt-table-scroll-wrapper-outer wcpt-device-tablet\">\n<div class=\"wcpt-table-scroll-wrapper\">\n<span class=\"wcpt-icon wcpt-icon-loader wcpt-device-view-loading-icon \"   ><svg xmlns=\"http:\/\/www.w3.org\/2000\/svg\" width=\"24\" height=\"24\" viewBox=\"0 0 24 24\" fill=\"none\" stroke=\"currentColor\" stroke-width=\"2\" stroke-linecap=\"round\" stroke-linejoin=\"round\" class=\"feather feather-loader\"><line x1=\"12\" y1=\"2\" x2=\"12\" y2=\"6\"><\/line><line x1=\"12\" y1=\"18\" x2=\"12\" y2=\"22\"><\/line><line x1=\"4.93\" y1=\"4.93\" x2=\"7.76\" y2=\"7.76\"><\/line><line x1=\"16.24\" y1=\"16.24\" x2=\"19.07\" y2=\"19.07\"><\/line><line x1=\"2\" y1=\"12\" x2=\"6\" y2=\"12\"><\/line><line x1=\"18\" y1=\"12\" x2=\"22\" y2=\"12\"><\/line><line x1=\"4.93\" y1=\"19.07\" x2=\"7.76\" y2=\"16.24\"><\/line><line x1=\"16.24\" y1=\"7.76\" x2=\"19.07\" y2=\"4.93\"><\/line><\/svg><\/span><\/div>\n<\/div>\n<div class=\"wcpt-table-scroll-wrapper-outer wcpt-device-phone\">\n<div class=\"wcpt-table-scroll-wrapper\">\n<span class=\"wcpt-icon wcpt-icon-loader wcpt-device-view-loading-icon \"   ><svg xmlns=\"http:\/\/www.w3.org\/2000\/svg\" width=\"24\" height=\"24\" viewBox=\"0 0 24 24\" fill=\"none\" stroke=\"currentColor\" stroke-width=\"2\" stroke-linecap=\"round\" stroke-linejoin=\"round\" class=\"feather feather-loader\"><line x1=\"12\" y1=\"2\" x2=\"12\" y2=\"6\"><\/line><line x1=\"12\" y1=\"18\" x2=\"12\" y2=\"22\"><\/line><line x1=\"4.93\" y1=\"4.93\" x2=\"7.76\" y2=\"7.76\"><\/line><line x1=\"16.24\" y1=\"16.24\" x2=\"19.07\" y2=\"19.07\"><\/line><line x1=\"2\" y1=\"12\" x2=\"6\" y2=\"12\"><\/line><line x1=\"18\" y1=\"12\" x2=\"22\" y2=\"12\"><\/line><line x1=\"4.93\" y1=\"19.07\" x2=\"7.76\" y2=\"16.24\"><\/line><line x1=\"16.24\" y1=\"7.76\" x2=\"19.07\" y2=\"4.93\"><\/line><\/svg><\/span><\/div>\n<\/div>\n<style> #wcpt-3746  .wcpt-1671525124{font-size:18px;font-weight:bold;}  body  .wcpt-1671525124{font-size:18px;font-weight:bold;}  #wcpt-3746  .wcpt-product-on-sale .wcpt-1671525063{}  body  .wcpt-product-on-sale .wcpt-1671525063{} <\/style><\/div>\n<p><\/p>\t\t\t\t\t\t<\/div>\n\t\t\t\t<\/div>\n\t\t\t\t\t<\/div>\n\t\t<\/div>\n\t\t\t\t\t\t\t<\/div>\n\t\t<\/section>\n\t\t\t\t\t\t\t<\/div>\n\t\t","protected":false},"excerpt":{"rendered":"<p>Namnam Speisielle\u200b<\/p>\n","protected":false},"author":1,"featured_media":3141,"parent":0,"menu_order":0,"comment_status":"closed","ping_status":"closed","template":"template-homepage.php","meta":{"inline_featured_image":false,"footnotes":""},"class_list":["post-3747","page","type-page","status-publish","has-post-thumbnail","hentry"],"_links":{"self":[{"href":"https:\/\/inspiring-heyrovsky.83-169-39-68.plesk.page\/index.php?rest_route=\/wp\/v2\/pages\/3747","targetHints":{"allow":["GET"]}}],"collection":[{"href":"https:\/\/inspiring-heyrovsky.83-169-39-68.plesk.page\/index.php?rest_route=\/wp\/v2\/pages"}],"about":[{"href":"https:\/\/inspiring-heyrovsky.83-169-39-68.plesk.page\/index.php?rest_route=\/wp\/v2\/types\/page"}],"author":[{"embeddable":true,"href":"https:\/\/inspiring-heyrovsky.83-169-39-68.plesk.page\/index.php?rest_route=\/wp\/v2\/users\/1"}],"replies":[{"embeddable":true,"href":"https:\/\/inspiring-heyrovsky.83-169-39-68.plesk.page\/index.php?rest_route=%2Fwp%2Fv2%2Fcomments&post=3747"}],"version-history":[{"count":13,"href":"https:\/\/inspiring-heyrovsky.83-169-39-68.plesk.page\/index.php?rest_route=\/wp\/v2\/pages\/3747\/revisions"}],"predecessor-version":[{"id":3807,"href":"https:\/\/inspiring-heyrovsky.83-169-39-68.plesk.page\/index.php?rest_route=\/wp\/v2\/pages\/3747\/revisions\/3807"}],"wp:featuredmedia":[{"embeddable":true,"href":"https:\/\/inspiring-heyrovsky.83-169-39-68.plesk.page\/index.php?rest_route=\/wp\/v2\/media\/3141"}],"wp:attachment":[{"href":"https:\/\/inspiring-heyrovsky.83-169-39-68.plesk.page\/index.php?rest_route=%2Fwp%2Fv2%2Fmedia&parent=3747"}],"curies":[{"name":"wp","href":"https:\/\/api.w.org\/{rel}","templated":true}]}}