{"id":3595,"date":"2022-12-05T00:08:21","date_gmt":"2022-12-05T00:08:21","guid":{"rendered":"https:\/\/inspiring-heyrovsky.83-169-39-68.plesk.page\/?product=12-mr-kresen"},"modified":"2023-04-16T11:17:46","modified_gmt":"2023-04-16T11:17:46","slug":"12-mr-kresen","status":"publish","type":"product","link":"https:\/\/inspiring-heyrovsky.83-169-39-68.plesk.page\/?product=12-mr-kresen","title":{"rendered":"12. Mr. Kresen"},"content":{"rendered":"","protected":false},"excerpt":{"rendered":"<p>Kj\u00f8ttboller, l\u00f8k, kj\u00f8ttdeig, paprika, kylling<\/p>\n","protected":false},"featured_media":1220,"template":"","meta":{"inline_featured_image":false},"product_cat":[36],"product_tag":[],"class_list":{"0":"post-3595","1":"product","2":"type-product","3":"status-publish","4":"has-post-thumbnail","6":"product_cat-amerikanskepizza","8":"first","9":"instock","10":"shipping-taxable","11":"purchasable","12":"product-type-simple"},"_links":{"self":[{"href":"https:\/\/inspiring-heyrovsky.83-169-39-68.plesk.page\/index.php?rest_route=\/wp\/v3\/product\/3595","targetHints":{"allow":["GET"]}}],"collection":[{"href":"https:\/\/inspiring-heyrovsky.83-169-39-68.plesk.page\/index.php?rest_route=\/wp\/v3\/product"}],"about":[{"href":"https:\/\/inspiring-heyrovsky.83-169-39-68.plesk.page\/index.php?rest_route=\/wp\/v2\/types\/product"}],"wp:featuredmedia":[{"embeddable":true,"href":"https:\/\/inspiring-heyrovsky.83-169-39-68.plesk.page\/index.php?rest_route=\/wp\/v2\/media\/1220"}],"wp:attachment":[{"href":"https:\/\/inspiring-heyrovsky.83-169-39-68.plesk.page\/index.php?rest_route=%2Fwp%2Fv2%2Fmedia&parent=3595"}],"wp:term":[{"taxonomy":"product_cat","embeddable":true,"href":"https:\/\/inspiring-heyrovsky.83-169-39-68.plesk.page\/index.php?rest_route=%2Fwp%2Fv2%2Fproduct_cat&post=3595"},{"taxonomy":"product_tag","embeddable":true,"href":"https:\/\/inspiring-heyrovsky.83-169-39-68.plesk.page\/index.php?rest_route=%2Fwp%2Fv2%2Fproduct_tag&post=3595"}],"curies":[{"name":"wp","href":"https:\/\/api.w.org\/{rel}","templated":true}]}}