{"id":3598,"date":"2022-12-05T00:08:21","date_gmt":"2022-12-05T00:08:21","guid":{"rendered":"https:\/\/inspiring-heyrovsky.83-169-39-68.plesk.page\/?product=15-helt-pa-tur"},"modified":"2023-02-05T20:39:27","modified_gmt":"2023-02-05T20:39:27","slug":"15-helt-pa-tur","status":"publish","type":"product","link":"https:\/\/inspiring-heyrovsky.83-169-39-68.plesk.page\/?product=15-helt-pa-tur","title":{"rendered":"15. Helt p\u00e5 tur"},"content":{"rendered":"","protected":false},"excerpt":{"rendered":"<p>Biff, kylling, l\u00f8k, oliven, jalapenos, kj\u00f8ttdeig<\/p>\n","protected":false},"featured_media":0,"template":"","meta":{"inline_featured_image":false},"product_cat":[36],"product_tag":[],"class_list":{"0":"post-3598","1":"product","2":"type-product","3":"status-publish","5":"product_cat-amerikanskepizza","7":"first","8":"instock","9":"shipping-taxable","10":"purchasable","11":"product-type-simple"},"_links":{"self":[{"href":"https:\/\/inspiring-heyrovsky.83-169-39-68.plesk.page\/index.php?rest_route=\/wp\/v3\/product\/3598","targetHints":{"allow":["GET"]}}],"collection":[{"href":"https:\/\/inspiring-heyrovsky.83-169-39-68.plesk.page\/index.php?rest_route=\/wp\/v3\/product"}],"about":[{"href":"https:\/\/inspiring-heyrovsky.83-169-39-68.plesk.page\/index.php?rest_route=\/wp\/v2\/types\/product"}],"wp:attachment":[{"href":"https:\/\/inspiring-heyrovsky.83-169-39-68.plesk.page\/index.php?rest_route=%2Fwp%2Fv2%2Fmedia&parent=3598"}],"wp:term":[{"taxonomy":"product_cat","embeddable":true,"href":"https:\/\/inspiring-heyrovsky.83-169-39-68.plesk.page\/index.php?rest_route=%2Fwp%2Fv2%2Fproduct_cat&post=3598"},{"taxonomy":"product_tag","embeddable":true,"href":"https:\/\/inspiring-heyrovsky.83-169-39-68.plesk.page\/index.php?rest_route=%2Fwp%2Fv2%2Fproduct_tag&post=3598"}],"curies":[{"name":"wp","href":"https:\/\/api.w.org\/{rel}","templated":true}]}}