{"id":3602,"date":"2022-12-05T00:08:22","date_gmt":"2022-12-05T00:08:22","guid":{"rendered":"https:\/\/inspiring-heyrovsky.83-169-39-68.plesk.page\/?product=19-nyhet"},"modified":"2023-04-16T11:19:54","modified_gmt":"2023-04-16T11:19:54","slug":"19-nyhet","status":"publish","type":"product","link":"https:\/\/inspiring-heyrovsky.83-169-39-68.plesk.page\/?product=19-nyhet","title":{"rendered":"19. Nyhet"},"content":{"rendered":"","protected":false},"excerpt":{"rendered":"<p>Kj\u00f8ttdeig, pepperoni, skinke, kj\u00f8ttboller, paprika, champ., l\u00f8k, mozzarela<\/p>\n","protected":false},"featured_media":0,"template":"","meta":{"inline_featured_image":false},"product_cat":[36],"product_tag":[],"class_list":{"0":"post-3602","1":"product","2":"type-product","3":"status-publish","5":"product_cat-amerikanskepizza","7":"first","8":"instock","9":"shipping-taxable","10":"purchasable","11":"product-type-simple"},"_links":{"self":[{"href":"https:\/\/inspiring-heyrovsky.83-169-39-68.plesk.page\/index.php?rest_route=\/wp\/v3\/product\/3602","targetHints":{"allow":["GET"]}}],"collection":[{"href":"https:\/\/inspiring-heyrovsky.83-169-39-68.plesk.page\/index.php?rest_route=\/wp\/v3\/product"}],"about":[{"href":"https:\/\/inspiring-heyrovsky.83-169-39-68.plesk.page\/index.php?rest_route=\/wp\/v2\/types\/product"}],"wp:attachment":[{"href":"https:\/\/inspiring-heyrovsky.83-169-39-68.plesk.page\/index.php?rest_route=%2Fwp%2Fv2%2Fmedia&parent=3602"}],"wp:term":[{"taxonomy":"product_cat","embeddable":true,"href":"https:\/\/inspiring-heyrovsky.83-169-39-68.plesk.page\/index.php?rest_route=%2Fwp%2Fv2%2Fproduct_cat&post=3602"},{"taxonomy":"product_tag","embeddable":true,"href":"https:\/\/inspiring-heyrovsky.83-169-39-68.plesk.page\/index.php?rest_route=%2Fwp%2Fv2%2Fproduct_tag&post=3602"}],"curies":[{"name":"wp","href":"https:\/\/api.w.org\/{rel}","templated":true}]}}