{"id":3737,"date":"2022-12-19T13:14:04","date_gmt":"2022-12-19T13:14:04","guid":{"rendered":"https:\/\/inspiring-heyrovsky.83-169-39-68.plesk.page\/?product=30-il-taco-grande"},"modified":"2023-04-16T11:27:47","modified_gmt":"2023-04-16T11:27:47","slug":"30-il-taco-grande","status":"publish","type":"product","link":"https:\/\/inspiring-heyrovsky.83-169-39-68.plesk.page\/?product=30-il-taco-grande","title":{"rendered":"30. Il taco grande"},"content":{"rendered":"","protected":false},"excerpt":{"rendered":"<p>Chillisaus, tacosaus,tortilla chips, pepperoni, kj\u00f8ttboller, kebabkj\u00f8tt, mais, l\u00f8k, jalapenos, tabasco<\/p>\n","protected":false},"featured_media":1193,"template":"","meta":{"inline_featured_image":false},"product_cat":[46],"product_tag":[],"class_list":{"0":"post-3737","1":"product","2":"type-product","3":"status-publish","4":"has-post-thumbnail","6":"product_cat-namnam-spesielle","8":"first","9":"instock","10":"shipping-taxable","11":"purchasable","12":"product-type-simple"},"_links":{"self":[{"href":"https:\/\/inspiring-heyrovsky.83-169-39-68.plesk.page\/index.php?rest_route=\/wp\/v3\/product\/3737","targetHints":{"allow":["GET"]}}],"collection":[{"href":"https:\/\/inspiring-heyrovsky.83-169-39-68.plesk.page\/index.php?rest_route=\/wp\/v3\/product"}],"about":[{"href":"https:\/\/inspiring-heyrovsky.83-169-39-68.plesk.page\/index.php?rest_route=\/wp\/v2\/types\/product"}],"wp:featuredmedia":[{"embeddable":true,"href":"https:\/\/inspiring-heyrovsky.83-169-39-68.plesk.page\/index.php?rest_route=\/wp\/v2\/media\/1193"}],"wp:attachment":[{"href":"https:\/\/inspiring-heyrovsky.83-169-39-68.plesk.page\/index.php?rest_route=%2Fwp%2Fv2%2Fmedia&parent=3737"}],"wp:term":[{"taxonomy":"product_cat","embeddable":true,"href":"https:\/\/inspiring-heyrovsky.83-169-39-68.plesk.page\/index.php?rest_route=%2Fwp%2Fv2%2Fproduct_cat&post=3737"},{"taxonomy":"product_tag","embeddable":true,"href":"https:\/\/inspiring-heyrovsky.83-169-39-68.plesk.page\/index.php?rest_route=%2Fwp%2Fv2%2Fproduct_tag&post=3737"}],"curies":[{"name":"wp","href":"https:\/\/api.w.org\/{rel}","templated":true}]}}